{"id":110,"date":"2016-02-15T23:33:46","date_gmt":"2016-02-15T22:33:46","guid":{"rendered":"http:\/\/www.bremer-imker.de\/bremer-imkerverein\/?page_id=110"},"modified":"2016-02-15T23:34:29","modified_gmt":"2016-02-15T22:34:29","slug":"bienenstich","status":"publish","type":"page","link":"https:\/\/www.bremer-imker.de\/bremer-imkerverein\/bienenstich\/","title":{"rendered":"Bienenstich"},"content":{"rendered":"<h4>Wie verhalte ich mich bei Bienenstichen?<\/h4>\n<p>&nbsp;<\/p>\n<p>Prinzipiell: Nichtstun kann als unterlassene Hilfeleistung bestraft werden. Falsche Behandlung durch einen Nichtmediziner hat keine strafrechtlichen Folgen.<\/p>\n<p><strong>1. Gebot: Ruhe bewahren!<\/strong><\/p>\n<p>Der Verletzte muss jederzeit das Gef\u00fchl haben, dass der Betreuer das Geschehen voll im Griff hat, denn Angst beim Betroffenen verst\u00e4rkt ganz erheblich das Ausma\u00df der allergischen Reaktion.<\/p>\n<p><strong>2.: Den Verletzten aus dem Gefahrenbereich bringen<\/strong><\/p>\n<p><strong>3.: Stachel entfernen<\/strong><\/p>\n<p><strong>4.: Gef\u00e4hrdung beurteilen durch Befragung und Augenschein:<\/strong><\/p>\n<ul>\n<li>Ist der Betroffene Allergiker?<\/li>\n<li>Sind Heuschnupfen, Bindehautentz\u00fcndungen oder Asthma bekannt?<\/li>\n<li>Ist eine Bienengiftallergie bekannt?<\/li>\n<li>Welcher Schweregrad liegt vor?<\/li>\n<\/ul>\n<p><strong>Ma\u00dfnahmen:<\/strong><\/p>\n<p>bei Lokalreaktionen:<\/p>\n<ul>\n<li>beruhigend einwirken!<\/li>\n<li>Insektenstichsalbe lokal anwenden.<\/li>\n<li>Eisw\u00fcrfel, \u00e4therisches \u00f6l, etc. tun es auch.<\/li>\n<\/ul>\n<p>bei Allgemeinreaktionen:<br \/>\nSchweregrad absch\u00e4tzen:<\/p>\n<ul>\n<li>bei leichten Allgemeinreaktionen ein Antiallergikum oder Kalzium als Trinkampulle verabreichen (rezeptfrei erh\u00e4ltlich).<\/li>\n<li>Unbedingt den weiteren Verlauf beobachten!<\/li>\n<li>Bei Verschlechterung, bei mittelschwerer und schwerer Allgemeinreaktion:<\/li>\n<li>je nach Schwere der Erscheinungen n\u00e4chsten Arzt, Notarztwagen oder Rettungshubschrauber rufen (Handy sollte greifbar sein!), beim Patienten bleiben!<\/li>\n<\/ul>\n<p>Sofortbehandlung bei schwerer Allgemeinreaktion:<\/p>\n<ul>\n<li>Patient flach und warm lagern<\/li>\n<li>InfektoKrupp Inhal anwenden: L\u00f6sungsmittel aus der Kunststoffampulle in die Glasflasche geben, dem Patienten 2 Spr\u00fchst\u00f6\u00dfe tief in den Rachen spr\u00fchen, Patient soll w\u00e4hrend des Spr\u00fchens einatmen.<\/li>\n<li>Falls erforderlich: nach 5 Min wiederholen.<\/li>\n<\/ul>\n<p>f\u00fcr einen anwesenden Arzt:<\/p>\n<ul>\n<li>Adrenalin (Epinephrin HCI Amp. 1 m1= 1 mg)<\/li>\n<li>Erwachsene: 0,3 mg streng s.c. evtl. nach 10-15 Min. wiederholen<\/li>\n<li>Kinder: 0,01 mg\/kg K\u00f6rpergewicht s.c. evtl. nach 10-15 Min. wiederholen<\/li>\n<\/ul>\n<p>&nbsp;<\/p>\n<p><em>Copyright by Dr.Gotthard Kempf<\/em><\/p>\n","protected":false},"excerpt":{"rendered":"<p>Wie verhalte ich mich bei Bienenstichen? &nbsp; Prinzipiell: Nichtstun kann als unterlassene Hilfeleistung bestraft werden. Falsche Behandlung durch einen Nichtmediziner hat keine strafrechtlichen Folgen. 1. Gebot: Ruhe bewahren! Der Verletzte muss jederzeit das Gef\u00fchl haben, dass der Betreuer das Geschehen voll im Griff hat, denn Angst beim Betroffenen verst\u00e4rkt ganz erheblich das Ausma\u00df der allergischen &hellip; <\/p>\n<p class=\"link-more\"><a href=\"https:\/\/www.bremer-imker.de\/bremer-imkerverein\/bienenstich\/\" class=\"more-link\">Mehr <span class=\"screen-reader-text\">\u00fcber &#8222;Bienenstich&#8220; <\/span>Lesen<\/a><\/p>\n","protected":false},"author":2,"featured_media":0,"parent":0,"menu_order":0,"comment_status":"closed","ping_status":"closed","template":"","meta":{"_mc_calendar":[],"footnotes":""},"class_list":["post-110","page","type-page","status-publish","hentry"],"_links":{"self":[{"href":"https:\/\/www.bremer-imker.de\/bremer-imkerverein\/wp-json\/wp\/v2\/pages\/110","targetHints":{"allow":["GET"]}}],"collection":[{"href":"https:\/\/www.bremer-imker.de\/bremer-imkerverein\/wp-json\/wp\/v2\/pages"}],"about":[{"href":"https:\/\/www.bremer-imker.de\/bremer-imkerverein\/wp-json\/wp\/v2\/types\/page"}],"author":[{"embeddable":true,"href":"https:\/\/www.bremer-imker.de\/bremer-imkerverein\/wp-json\/wp\/v2\/users\/2"}],"replies":[{"embeddable":true,"href":"https:\/\/www.bremer-imker.de\/bremer-imkerverein\/wp-json\/wp\/v2\/comments?post=110"}],"version-history":[{"count":3,"href":"https:\/\/www.bremer-imker.de\/bremer-imkerverein\/wp-json\/wp\/v2\/pages\/110\/revisions"}],"predecessor-version":[{"id":401,"href":"https:\/\/www.bremer-imker.de\/bremer-imkerverein\/wp-json\/wp\/v2\/pages\/110\/revisions\/401"}],"wp:attachment":[{"href":"https:\/\/www.bremer-imker.de\/bremer-imkerverein\/wp-json\/wp\/v2\/media?parent=110"}],"curies":[{"name":"wp","href":"https:\/\/api.w.org\/{rel}","templated":true}]}}