{"id":125,"date":"2016-03-15T23:19:08","date_gmt":"2016-03-15T22:19:08","guid":{"rendered":"http:\/\/www.bremer-imker.de\/bremer-imkerverein\/?page_id=125"},"modified":"2016-03-15T23:19:08","modified_gmt":"2016-03-15T22:19:08","slug":"propolis","status":"publish","type":"page","link":"https:\/\/www.bremer-imker.de\/bremer-imkerverein\/propolis\/","title":{"rendered":"Propolis"},"content":{"rendered":"<h2><a name=\"Propolis\"><\/a><span style=\"color: #008000;\">Propolis &#8211; Das Kittharz &amp; volkseigene Antibiotika der Biene<\/span><\/h2>\n<p>Ein Bienenprodukt, das wegen seiner starken keimt\u00f6tenden Wirkung zunehmend an Bedeutung gewinnt.<\/p>\n<p>F\u00fcr diese T\u00e4tigkeit spezialisierte Bienen sammeln Harze von verschiedenen Baumknospen (bes. von Espen, Kastanien, Rosskastanien) und transportieren sie wie eine Pollenfracht in den Bienenstock. Hier erfolgt die weitere Verarbeitung durch Zugabe von Bienenwachs, Pollen\u00f6l und Mundsekreten der Biene. Mit dieser Kittsubstanz dichten die Bienen Spalten in ihrer Behausung ab, engen Flugl\u00f6cher ein und \u00fcberziehen eingedrungene Fremdk\u00f6rper. Sogar Kadaver von Kleintieren, die aus der Bienenwohnung nicht herausgeschafft werden k\u00f6nnen, werden mit einer Schicht von Kittharz \u00fcberzogen und so einbalsamiert. Auch der Innenraum der Bienenwohnung und der Wabenbau werden mit einer d\u00fcnnen Schicht aus Kittharz austapeziert. Biene und Bienenwohnung sind durch diesen Propolis\u00fcberzug nahezu frei von Bakterien und Viren.<\/p>\n<p>Propolis hat einen angenehm balsamischen Geruch, brennt leicht auf der Zunge und ist je nach Herkunft schwarz, braun oder r\u00f6tlich gef\u00e4rbt. In der W\u00e4rme des Bienenstockes ist es weich und geschmeidig, bei Abk\u00fchlung wird es hart und spr\u00f6de. So kann es der Imker leicht von den Holzr\u00e4hmchen der Bienenwaben oder aus den Ritzen der Bienenwohnung abkratzen.<\/p>\n<p>Ein Bienenvolk produziert im Jahr 100-300g von dieser Substanz.<\/p>\n<p>Die Propolisgewinnung ist ein etwas m\u00fchsames Unterfangen, aber es verschafft dem Imker im Winter, wenn Hauptarbeit seiner Imkerei ruht, einen kleinen Zusatzverdienst. Denn die pharmazeutische Industrie ben\u00f6tigt diesen Naturstoff zur Herstellung von Medikamenten. Es ist stark wirksam gegen Bakterien, Viren und Pilze. Deshalb wurde in fr\u00fcheren Zeiten mit dieser Substanz Saatgut gebeizt und Holz gesch\u00fctzt; Stradivari baute seine Meistergeigen unter Zuhilfenahme von Propolis.<\/p>\n<p>Besonders die alkoholl\u00f6slichen Komponenten wurden als biologisch wirksam erkannt. Chemisch handelt es sich bei diesen Wirkstoffen und Flavone und Flavonoide, die in der Medizin seit langem wegen ihrer gef\u00e4\u00dfabdichtenden und entz\u00fcndungshemmenden Eigenschaften angewendet werden. Au\u00dferdem wurden Substanzen isoliert, die ausgepr\u00e4gte bakterien- und virust\u00f6tende Wirkungen besitzen.<\/p>\n<p><strong>Der gesundheitliche Wert von Propolis<\/strong><\/p>\n<p>Die bakterient\u00f6tende Wirkung war bereits den alten \u00c4gyptern bekannt. Sie benutzten es bei der Einbalsamierung ihrer Mumien zur Verhinderung von F\u00e4ulnis und bei Gehirnoperationen zur Vermeidung von Wundinfektionen. Im antiken Griechenland benutzte man Propolis, auch im Koran ist es erw\u00e4hnt, im Mittelalter in Vergessenheit geraten. Erst im Burenkrieg und in den Weltkriegen wurde Propolis wieder zur Wundbehandlung angewendet. Besonders in den ehemaligen Ostblockl\u00e4ndern, aber auch in zunehmendem Ma\u00dfe bei uns verwendet man dieses Naturprodukt in der Tier- und in der Humanmedizin als Salbe oder Tinktur zur Behandlung von Geschw\u00fcren und eiternden Wunden.<\/p>\n<p>Am st\u00e4rksten wirkt dieses Bienenerzeugnis auf Eitererreger, gegen die Erreger des Rotlaufs, des Typhus und andere Darmkeime. Versuche haben ergeben, dass Propolisl\u00f6sungen zur Vorbeugung der Virusgrippe wirksam sind. Fr\u00fchzeitig aufgetupft kann Propolistinktur die Entwicklung eines Herpesausschlags an Lippen, Nase und im Mund verhindern. Auch andere Entz\u00fcndungen der Mundh\u00f6hle und des Zahnfleisches k\u00f6nnen mit Propolistinktur hervorragend behandelt werden. Versuche am Celler Institut mit virusinfizierten Zellkulturen haben eine starke virostatische Wirkung bewiesen. Bei \u00dcberdosierung kam es aber auch zu einer Sch\u00e4digung der Zellkulturen selbst. Das zeigt, dass wie bei allen stark wirkenden Arzneimitteln sowohl bei \u00e4u\u00dferlicher als auch bei innerlicher Anwendung Nebenwirkungen auftreten k\u00f6nnen. Die folgenden Propolisrezepturen sind deshalb nur f\u00fcr den eigenen Gebrauch gedacht:<\/p>\n<p><strong>Propolistinktur:<\/strong><\/p>\n<p>Propolis zerkleinern (im Tiefk\u00fchlfach wird Kittharz so spr\u00f6de, dass es sogar gemahlen werden kann), mit mindestens 70%-igem unverg\u00e4lltem Alkohol in eine dunkle Flasche geben und einige Wochen stehen lassen, dabei t\u00e4glich sch\u00fctteln. Danach mit einem Kaffeefilter filtrieren. Beim Verh\u00e4ltnis 1:1 von Kittharz und Alkohol erh\u00e4lt man eine 50%-ige L\u00f6sung.<\/p>\n<p><strong>Propolisextrakt:<\/strong><\/p>\n<p>L\u00e4sst man Propolistinktur in einer offenen Schale an einem warmen Ort stehen, so verdunstet der Alkohol und man erh\u00e4lt eine schwarze visk\u00f6se Masse, den Propolisextrakt. Er kann zur Herstellung von Propolissalben verwendet werden.<\/p>\n<p><strong>Propolissalbe:<\/strong><\/p>\n<p>Als Salbengrundlage verwendet man am besten Lanolin (Wollfett vom Schaf, aus der Apotheke) oder man fertigt selbst eine Wachssalbe an:<\/p>\n<p>1 Teil Bienenwachs und 4 Teile Oliven\u00f6l im Wasserbad erw\u00e4rmen und r\u00fchren bis die Fl\u00fcssigkeit klar ist, dann bei st\u00e4ndigem R\u00fchren abk\u00fchlen lassen. 10% Propolisextrakt daruntermischen.<\/p>\n","protected":false},"excerpt":{"rendered":"<p>Propolis &#8211; Das Kittharz &amp; volkseigene Antibiotika der Biene Ein Bienenprodukt, das wegen seiner starken keimt\u00f6tenden Wirkung zunehmend an Bedeutung gewinnt. F\u00fcr diese T\u00e4tigkeit spezialisierte Bienen sammeln Harze von verschiedenen Baumknospen (bes. von Espen, Kastanien, Rosskastanien) und transportieren sie wie eine Pollenfracht in den Bienenstock. Hier erfolgt die weitere Verarbeitung durch Zugabe von Bienenwachs, Pollen\u00f6l &hellip; <\/p>\n<p class=\"link-more\"><a href=\"https:\/\/www.bremer-imker.de\/bremer-imkerverein\/propolis\/\" class=\"more-link\">Mehr <span class=\"screen-reader-text\">\u00fcber &#8222;Propolis&#8220; <\/span>Lesen<\/a><\/p>\n","protected":false},"author":2,"featured_media":0,"parent":0,"menu_order":0,"comment_status":"closed","ping_status":"closed","template":"","meta":{"_mc_calendar":[],"footnotes":""},"class_list":["post-125","page","type-page","status-publish","hentry"],"_links":{"self":[{"href":"https:\/\/www.bremer-imker.de\/bremer-imkerverein\/wp-json\/wp\/v2\/pages\/125","targetHints":{"allow":["GET"]}}],"collection":[{"href":"https:\/\/www.bremer-imker.de\/bremer-imkerverein\/wp-json\/wp\/v2\/pages"}],"about":[{"href":"https:\/\/www.bremer-imker.de\/bremer-imkerverein\/wp-json\/wp\/v2\/types\/page"}],"author":[{"embeddable":true,"href":"https:\/\/www.bremer-imker.de\/bremer-imkerverein\/wp-json\/wp\/v2\/users\/2"}],"replies":[{"embeddable":true,"href":"https:\/\/www.bremer-imker.de\/bremer-imkerverein\/wp-json\/wp\/v2\/comments?post=125"}],"version-history":[{"count":2,"href":"https:\/\/www.bremer-imker.de\/bremer-imkerverein\/wp-json\/wp\/v2\/pages\/125\/revisions"}],"predecessor-version":[{"id":887,"href":"https:\/\/www.bremer-imker.de\/bremer-imkerverein\/wp-json\/wp\/v2\/pages\/125\/revisions\/887"}],"wp:attachment":[{"href":"https:\/\/www.bremer-imker.de\/bremer-imkerverein\/wp-json\/wp\/v2\/media?parent=125"}],"curies":[{"name":"wp","href":"https:\/\/api.w.org\/{rel}","templated":true}]}}