{"id":148,"date":"2016-02-16T14:20:25","date_gmt":"2016-02-16T13:20:25","guid":{"rendered":"http:\/\/www.bremer-imker.de\/bremer-imkerverein\/?page_id=148"},"modified":"2025-10-29T09:44:29","modified_gmt":"2025-10-29T08:44:29","slug":"mitglied-werden","status":"publish","type":"page","link":"https:\/\/www.bremer-imker.de\/bremer-imkerverein\/mitglied-werden\/","title":{"rendered":"Mitglied werden"},"content":{"rendered":"<p>Um Mitglied im Imkerverein Bremen von 1875 e.V. zu werden, ben\u00f6tigen wir von Ihnen eine ausgef\u00fcllte Beitrittserkl\u00e4rung.<br \/>Wenn Sie m\u00f6chten, dass wir den Mitgliedsbeitrag von Ihrem Konto einziehen, f\u00fcllen Sie bitte auch das SEPA Lastschriftmandat aus.<br \/>Bitte laden Sie die nachfolgenden Dateien Link herunter: <a href=\"https:\/\/www.bremer-imker.de\/bremer-imkerverein\/downloads\/\">Downloads und Links<\/a><\/p>\n<ul>\n<li><a href=\"https:\/\/www.bremer-imker.de\/bremer-imkerverein\/wp-content\/uploads\/2025\/10\/BeitrittserklaerungImkervereinBremen2019.pdf\">Beitrittserkl\u00e4rung-Imkerverein-Bremen<\/a><\/li>\n<li><a href=\"https:\/\/www.bremer-imker.de\/bremer-imkerverein\/wp-content\/uploads\/2023\/06\/SEPA-Lastschriftmandat.pdf\">SEPA-Lastschriftmandat<\/a><\/li>\n<\/ul>\n<p>Anschlie\u00dfend bitte beide Formulare ausf\u00fcllen und unterschreiben. Beide Formulare k\u00f6nnen auch am PC ausgef\u00fcllt werden.<br \/>Die Beitrittserkl\u00e4rung (und das SEPA Lastschriftmandat) k\u00f6nnen Sie uns per E-Mail oder per Post zusenden.<\/p>\n<p>Imkerverein Bremen von 1875 e.V. <br \/>Dieter, Bitomsky<br \/>Am Gut Walle 53<br \/>28219 Bremen<br \/>E-Mail:<a href=\"mailto:kassenwart@bremer-imker.de\"><span style=\"font-size: small;\"> mitgliederverwaltung@bremer-imker.de<\/span><\/a><\/p>\n<p><strong>Wie errechnet sich der Beitrag<br \/><\/strong><\/p>\n<table style=\"width: 600px;\">\n<tbody>\n<tr style=\"height: 48px;\">\n<td style=\"width: 409px; height: 48px;\">Mitgliedsbeitrag Imkerverein Bremen von 1875 e.V.<\/td>\n<td style=\"width: 175px; height: 48px;\">41,50 Euro<\/td>\n<\/tr>\n<tr style=\"height: 51px;\">\n<td style=\"width: 409px; height: 51px;\">Mitgliedsbeitrag Landesverband Weser Ems<\/td>\n<td style=\"width: 175px; height: 51px;\">11,30 Euro<\/td>\n<\/tr>\n<tr style=\"height: 48px;\">\n<td style=\"width: 409px; height: 48px;\">Mitgliedsbeitrag Deutscher Imkerbund<\/td>\n<td style=\"width: 175px; height: 48px;\">\u00a0\u00a0 5,80 Euro<\/td>\n<\/tr>\n<tr style=\"height: 48px;\">\n<td style=\"width: 409px; height: 48px;\">Versicherungspr\u00e4mie<\/td>\n<td style=\"width: 175px; height: 48px;\">\u00a0\u00a0 12,27 Euro<\/td>\n<\/tr>\n<tr style=\"height: 48px;\">\n<td style=\"width: 409px; height: 48px;\">Beitrag je Volk<\/td>\n<td style=\"width: 175px; height: 48px;\">\u00a0\u00a0 1,49 Euro<\/td>\n<\/tr>\n<\/tbody>\n<\/table>\n<p>Beispiel:<br \/>Mitgliedschaft mit 3 V\u00f6lkern = 41,50 \u20ac + 11,30 \u20ac + 5,80 \u20ac + 12,27 \u20ac + (3 * 1,49 \u20ac) = <strong><span style=\"font-size: 18pt;\">76,83 \u20ac<\/span> p.a.<\/strong><\/p>\n<p>Die aktuelle Beitragsordnung finden Sie unter <a href=\"https:\/\/www.bremer-imker.de\/bremer-imkerverein\/downloads\/\">Downloads und Links<\/a><\/p>\n<p><strong>Erhebung personenbezogener Daten<\/strong><\/p>\n<p>Die Angaben, die Sie auf der Beitrittserkl\u00e4rung und dem SEPA-Lastschriftmandat angeben, ben\u00f6tigen wir f\u00fcr die Mitgliederverwaltung, die Beitragsabrechnung und den Versandt der monatlichen Rundmail. Dabei nutzen wir die Software Netxp-Verein.<\/p>\n<p>Im nachfolgenden Dokument informieren wir Sie \u00fcber die Erhebung von personenbezogenen Daten gem\u00e4\u00df Art. 13 DS-GVO f\u00fcr die Mitgliederverwaltung mit netxp Verein.<\/p>\n<p><a href=\"https:\/\/www.bremer-imker.de\/bremer-imkerverein\/datenschutz\/\">Datenschutz<\/a><\/p>\n<p><strong><br \/>Verbindliche Mitgliederanmeldung<br \/><\/strong>\u00dcber den Aufnahmeantrag entscheidet satzungsgem\u00e4\u00df ein Vorstandsbeschluss.<\/p>\n\n\n<p><strong>K\u00fcndigung<\/strong><br><br>K\u00fcndigungen bitte Formlos an:<br><a href=\"mailto:mitgliederverwaltung@bremer-imker.de\">mitgliederverwaltung@bremer-imker.de<\/a><\/p>\n\n\n\n<h2 class=\"wp-block-heading\">Beitragsordnung 2023<\/h2>\n\n\n\n<figure class=\"wp-block-table\"><table><tbody><tr><td><\/td><td>Jahresbeitrag<\/td><td>Halbjahresbeitrag<\/td><\/tr><tr><td>Erwachsene<\/td><td>41,50\u20ac<\/td><td>20,75\u20ac<\/td><\/tr><tr><td>Ehepaare und Lebensgemeinschaften insgesamt<\/td><td>41,50\u20ac<\/td><td>20,75\u20ac<\/td><\/tr><tr><td>Erm\u00e4\u00dfigung f\u00fcr Jugendliche zwischen 18-21 Jahre,<br>Arbeitslos, Student, Bremen Pass Inhaber<\/td><td>20,75\u20ac<\/td><td>10,38\u20ac<\/td><\/tr><tr><td>Jugendliche unter 18 Jahren<\/td><td>frei<\/td><td>frei<\/td><\/tr><tr><td><\/td><td><\/td><td><\/td><\/tr><tr><td>F\u00f6rdermitgliedschaft mindestens<\/td><td>20,75\u20ac<\/td><td>20,75\u20ac<\/td><\/tr><tr><td>F\u00f6rdermitgliedschaft f\u00fcr Ehepaare und<br>Lebensgemeinschaften insgesamt mindestens<\/td><td>41,50\u20ac<\/td><td>41,50\u20ac<\/td><\/tr><\/tbody><\/table><figcaption class=\"wp-element-caption\">Beitrag f\u00fcr Imkerverein Bremen v. 1875 e.V.<\/figcaption><\/figure>\n\n\n\n<figure class=\"wp-block-table\"><table><tbody><tr><td>vollj\u00e4hrige Mitglieder<\/td><td>Jahresbeitrag<\/td><td>Halbjahresbeitrag<\/td><\/tr><tr><td>Landesverband der Imker Weser-Ems e.V.<\/td><td>11,30\u20ac<\/td><td>5,65\u20ac<\/td><\/tr><tr><td>Deutschen Imkerbund (DIB)<\/td><td>3,58\u20ac<\/td><td>3,58\u20ac<\/td><\/tr><tr><td><\/td><td><\/td><td><\/td><\/tr><tr><td>Jugendliche bis 18 Jahre<\/td><td><\/td><td><\/td><\/tr><tr><td>Landesverband der Imker Weser-Ems e.V.<\/td><td>5,80\u20ac<\/td><td>2,90\u20ac<\/td><\/tr><tr><td><\/td><td><\/td><td><\/td><\/tr><tr><td>Jugendliche bis 17 Jahre<\/td><td><\/td><td><\/td><\/tr><tr><td>Deutschen Imkerbund (DIB)<\/td><td>0,00\u20ac<\/td><td>0,00\u20ac<\/td><\/tr><\/tbody><\/table><figcaption class=\"wp-element-caption\">Alle Mitglieder, die keine F\u00f6rdermitglieder sind, werden bei den Dachverb\u00e4nden gemeldet.<br>F\u00fcr den Landesverband der Imker Weser-Ems e.V. und den Deutschen Imkerbund (DIB)<br>fallen zus\u00e4tzlich folgende Beitr\u00e4ge an (http:\/\/www.imker-weser-ems.de\/service\/formulare).<\/figcaption><\/figure>\n\n\n\n<figure class=\"wp-block-table\"><table><tbody><tr><td><\/td><td>Jahresbeitrag<\/td><td>Halbjahresbeitrag<\/td><\/tr><tr><td>Imkerversicherung (Global\/ Rechtsschutz\/ Unfall)<\/td><td>12,27\u20ac<\/td><td>6,14\u20ac<\/td><\/tr><tr><td>je eingewintertes Volk<\/td><td>1,49\u20ac<\/td><td>0,88\u20ac<\/td><\/tr><\/tbody><\/table><figcaption class=\"wp-element-caption\">F\u00fcr alle Mitglieder, die mindestens ein Bienenvolk besitzen, sind Beitr\u00e4ge je Volk und f\u00fcr die<br>Imkerglobalversicherung zu entrichten<\/figcaption><\/figure>\n","protected":false},"excerpt":{"rendered":"<p>Um Mitglied im Imkerverein Bremen von 1875 e.V. zu werden, ben\u00f6tigen wir von Ihnen eine ausgef\u00fcllte Beitrittserkl\u00e4rung.Wenn Sie m\u00f6chten, dass wir den Mitgliedsbeitrag von Ihrem Konto einziehen, f\u00fcllen Sie bitte auch das SEPA Lastschriftmandat aus.Bitte laden Sie die nachfolgenden Dateien Link herunter: Downloads und Links Beitrittserkl\u00e4rung-Imkerverein-Bremen SEPA-Lastschriftmandat Anschlie\u00dfend bitte beide Formulare ausf\u00fcllen und unterschreiben. Beide &hellip; <\/p>\n<p class=\"link-more\"><a href=\"https:\/\/www.bremer-imker.de\/bremer-imkerverein\/mitglied-werden\/\" class=\"more-link\">Mehr <span class=\"screen-reader-text\">\u00fcber &#8222;Mitglied werden&#8220; <\/span>Lesen<\/a><\/p>\n","protected":false},"author":2,"featured_media":0,"parent":0,"menu_order":0,"comment_status":"closed","ping_status":"closed","template":"","meta":{"_mc_calendar":[],"footnotes":""},"class_list":["post-148","page","type-page","status-publish","hentry"],"_links":{"self":[{"href":"https:\/\/www.bremer-imker.de\/bremer-imkerverein\/wp-json\/wp\/v2\/pages\/148","targetHints":{"allow":["GET"]}}],"collection":[{"href":"https:\/\/www.bremer-imker.de\/bremer-imkerverein\/wp-json\/wp\/v2\/pages"}],"about":[{"href":"https:\/\/www.bremer-imker.de\/bremer-imkerverein\/wp-json\/wp\/v2\/types\/page"}],"author":[{"embeddable":true,"href":"https:\/\/www.bremer-imker.de\/bremer-imkerverein\/wp-json\/wp\/v2\/users\/2"}],"replies":[{"embeddable":true,"href":"https:\/\/www.bremer-imker.de\/bremer-imkerverein\/wp-json\/wp\/v2\/comments?post=148"}],"version-history":[{"count":51,"href":"https:\/\/www.bremer-imker.de\/bremer-imkerverein\/wp-json\/wp\/v2\/pages\/148\/revisions"}],"predecessor-version":[{"id":5581,"href":"https:\/\/www.bremer-imker.de\/bremer-imkerverein\/wp-json\/wp\/v2\/pages\/148\/revisions\/5581"}],"wp:attachment":[{"href":"https:\/\/www.bremer-imker.de\/bremer-imkerverein\/wp-json\/wp\/v2\/media?parent=148"}],"curies":[{"name":"wp","href":"https:\/\/api.w.org\/{rel}","templated":true}]}}