{"id":3140,"date":"2019-05-09T00:05:41","date_gmt":"2019-05-08T22:05:41","guid":{"rendered":"https:\/\/www.bremer-imker.de\/bremer-imkerverein\/?page_id=3140"},"modified":"2019-05-09T00:31:08","modified_gmt":"2019-05-08T22:31:08","slug":"beuten-am-lehrbienenstand","status":"publish","type":"page","link":"https:\/\/www.bremer-imker.de\/bremer-imkerverein\/beuten-am-lehrbienenstand\/","title":{"rendered":"Beuten am Lehrbienenstand"},"content":{"rendered":"\n<p><strong>Heidek\u00f6rbe:<\/strong><br> L\u00fcneburger St\u00fclper und Karnitzkorb<\/p>\n\n\n\n<p>\u2022    Klassische Form und Inbegriff \/ Symbol der Imkerei.<br>\n\u2022     heute fast nur noch aus Liebhaberei genutzt, als Blickfang<br>\n\u2022    bekannt seit dem Mittelalter<\/p>\n\n\n\n<p>Vorteil:    <br>\n\u2022    beweglich \/ Naturwabenbau<br>\n\u2022     kommt dem nat\u00fcrlichen Lebensraum nah<\/p>\n\n\n\n<p>Nachteil:<br>\n\u2022    der kleine Raum f\u00f6rdert den Schwarmtrieb<br>\n\u2022    eine Durchsicht ist kaum m\u00f6glich\/<br>\n\u2022     Ernte durch abt\u00f6ten oder heraustrommeln<\/p>\n\n\n\n<p><strong>Seegeberger Magazinbeute<\/strong><br> \u2022    seit 1960 bekannt, Ursprung in Schleswig-Holstein<\/p>\n\n\n\n<p>\u2022     11 Waben im Deutsch Normalma\u00df, Quadratische Bauweise<br>\n\u2022    Beute schrumpft etwas mit der Zeit.<br>\n\u2022    Warm und Kaltbau m\u00f6glich und auch verdreht zu einander<\/p>\n\n\n\n<p>Vorteile:<br> \u2022    das Raumangebot ist nach Bedarf anpassbar<br> \u2022    alle Waben haben die gleiche Gr\u00f6\u00dfe<br> \u2022    gute W\u00e4rmed\u00e4mmung<br> \u2022    robust<br> \u2022    zum Wandern gut geeignet<\/p>\n\n\n\n<p>Nachteile:<br>\n\u2022    Brutraum mit einer Zarge eher etwas zu klein, bei zwei Zargen ist der Raum eher zu gro\u00df<br>\n           Honigzargen sind recht gro\u00df und schwer, Gewicht ca.30kg<br>\n\u2022    um an den Brutraum zu kommen, muss der Honigraum abgenommen werden &#8211; viel zu heben= nicht sehr r\u00fcckenfreundlich<\/p>\n\n\n\n<p><strong>Golzbeute \/ Trogbeute<\/strong><br> \u2022    entwickelt durch die Union der Basisz\u00fcchter<br> \u2022    Ursprung 60er Jahre, inspiriert von Bruder Adam<\/p>\n\n\n\n<p>Vorteile:<br>\n\u2022    Imkern in einer Ebene, Beute kann in der f\u00fcr den Imker g\u00fcnstigen H\u00f6he aufgestellt werden = r\u00fcckenfreundlich<\/p>\n\n\n\n<p>Nachteile:<br>\n\u2022    nicht erweiterbar<br>\n\u2022    schwierig zum Wandern, da schwer und gro\u00df<\/p>\n\n\n\n<p><strong>Top Bar Hive (TBH) oder Kenia TBH<\/strong><\/p>\n\n\n\n<p>\u2022    &#8211; entwickelt an der Guelph Universit\u00e4t \/ Kanada im Rahmen der Entwicklungshilfe f\u00fcr Afrika.<br>\n\u2022    &#8211; naturnahes Imkern bei gleichzeitiger, zeitgem\u00e4\u00dfer und n\u00f6tiger M\u00f6glichkeit guter Varroa- Behandlung.<\/p>\n\n\n\n<p>Vorteile:<br>\n\u2022    wenig Material Bedarf<br>\n\u2022    Bienenvolk kann in seiner Natur nahen Entwicklung gut beobachtet werden<\/p>\n\n\n\n<p>Nachteile:<br> \u2022    wenig Honigertrag im Vergleich zu Beuten mit einsetzbaren Waben \/ Mittelw\u00e4nden<br> \u2022    Varroa- Behandlung ist gut m\u00f6glich, aber etwas aufw\u00e4ndiger<\/p>\n\n\n<p>[supsystic-gallery id=17]<\/p>\n\n\n\n<p>Die Infos zu den einzelnen Systemen erheben nicht den Anspruch auf Vollst\u00e4ndigkeit.<\/p>\n","protected":false},"excerpt":{"rendered":"<p>Heidek\u00f6rbe: L\u00fcneburger St\u00fclper und Karnitzkorb \u2022 Klassische Form und Inbegriff \/ Symbol der Imkerei. \u2022 heute fast nur noch aus Liebhaberei genutzt, als Blickfang \u2022 bekannt seit dem Mittelalter Vorteil: \u2022 beweglich \/ Naturwabenbau \u2022 kommt dem nat\u00fcrlichen Lebensraum nah Nachteil: \u2022 der kleine Raum f\u00f6rdert den Schwarmtrieb \u2022 eine Durchsicht ist kaum m\u00f6glich\/ \u2022 &hellip; <\/p>\n<p class=\"link-more\"><a href=\"https:\/\/www.bremer-imker.de\/bremer-imkerverein\/beuten-am-lehrbienenstand\/\" class=\"more-link\">Mehr <span class=\"screen-reader-text\">\u00fcber &#8222;Beuten am Lehrbienenstand&#8220; <\/span>Lesen<\/a><\/p>\n","protected":false},"author":1,"featured_media":0,"parent":0,"menu_order":0,"comment_status":"closed","ping_status":"closed","template":"","meta":{"_mc_calendar":[],"footnotes":""},"class_list":["post-3140","page","type-page","status-publish","hentry"],"_links":{"self":[{"href":"https:\/\/www.bremer-imker.de\/bremer-imkerverein\/wp-json\/wp\/v2\/pages\/3140","targetHints":{"allow":["GET"]}}],"collection":[{"href":"https:\/\/www.bremer-imker.de\/bremer-imkerverein\/wp-json\/wp\/v2\/pages"}],"about":[{"href":"https:\/\/www.bremer-imker.de\/bremer-imkerverein\/wp-json\/wp\/v2\/types\/page"}],"author":[{"embeddable":true,"href":"https:\/\/www.bremer-imker.de\/bremer-imkerverein\/wp-json\/wp\/v2\/users\/1"}],"replies":[{"embeddable":true,"href":"https:\/\/www.bremer-imker.de\/bremer-imkerverein\/wp-json\/wp\/v2\/comments?post=3140"}],"version-history":[{"count":3,"href":"https:\/\/www.bremer-imker.de\/bremer-imkerverein\/wp-json\/wp\/v2\/pages\/3140\/revisions"}],"predecessor-version":[{"id":3165,"href":"https:\/\/www.bremer-imker.de\/bremer-imkerverein\/wp-json\/wp\/v2\/pages\/3140\/revisions\/3165"}],"wp:attachment":[{"href":"https:\/\/www.bremer-imker.de\/bremer-imkerverein\/wp-json\/wp\/v2\/media?parent=3140"}],"curies":[{"name":"wp","href":"https:\/\/api.w.org\/{rel}","templated":true}]}}