{"id":92,"date":"2016-02-11T01:23:04","date_gmt":"2016-02-11T00:23:04","guid":{"rendered":"http:\/\/www.bremer-imker.de\/bremer-imkerverein\/?page_id=92"},"modified":"2025-10-29T09:42:09","modified_gmt":"2025-10-29T08:42:09","slug":"downloads","status":"publish","type":"page","link":"https:\/\/www.bremer-imker.de\/bremer-imkerverein\/downloads\/","title":{"rendered":"Downloads und Links"},"content":{"rendered":"\n<p>Hier sind wichtige Dokumente<\/p>\n\n\n\n<p><\/p>\n\n\n\n<ul class=\"wp-block-list\">\n<li><a href=\"https:\/\/www.bremer-imker.de\/bremer-imkerverein\/wp-content\/uploads\/2023\/07\/Beitragsordnung2023-1.pdf\">Beitragsordnung<\/a><\/li>\n\n\n\n<li><a href=\"https:\/\/www.bremer-imker.de\/bremer-imkerverein\/wp-content\/uploads\/2023\/06\/SEPA-Lastschriftmandat.pdf\">SEPA-Lastschriftmandat<\/a><\/li>\n\n\n\n<li><a href=\"https:\/\/www.bremer-imker.de\/bremer-imkerverein\/wp-content\/uploads\/2025\/10\/BeitrittserklaerungImkervereinBremen2019.pdf\">Beitrittserkl\u00e4rung-Imkerverein-Bremen<\/a><\/li>\n<\/ul>\n\n\n\n<p>Hier sind wichtige und interessante Links<\/p>\n\n\n\n<p><a href=\"https:\/\/www.lmtvet.bremen.de\/tiere\/tierschutz_einzelner_tierarten\/detail.php?gsid=bremen84.c.11497.de\" target=\"_blank\" rel=\"noopener noreferrer\">Bienen anmelden beim Veterin\u00e4ramt Bremen<\/a><\/p>\n\n\n\n<p><a href=\"http:\/\/www.imker-weser-ems.de\/service\/formulare\/\" target=\"_blank\" rel=\"noopener noreferrer\">Landesverband der Imker Weser &#8211; Ems e.V.<\/a><\/p>\n\n\n\n<p><a href=\"https:\/\/www.deutscherimkerbund.de\" target=\"_blank\" rel=\"noopener noreferrer\">Deutscher Imkerbund<\/a><\/p>\n\n\n\n<p><a href=\"http:\/\/www.laves.niedersachsen.de\/tiere\/bienenkunde\/bienenkunde-73177.html\" target=\"_blank\" rel=\"noopener noreferrer\">Bieneninstitut Celle<\/a><\/p>\n\n\n\n<p><a href=\"https:\/\/www2.hu-berlin.de\/bienenkunde\/\" target=\"_blank\" rel=\"noopener noreferrer\">L\u00e4nderinstitut f\u00fcr Bienenkunde \/ Berlin<\/a><\/p>\n\n\n\n<p><a href=\"http:\/\/www.bienenkunde.rlp.de\/Internet\/global\/inetcntr.nsf\/dlr_web_full.xsp?src=C5X80AJE01&amp;p1=05Y4210002&amp;p3=D2KEU5C709&amp;p4=HY3576SY58\" target=\"_blank\" rel=\"noopener noreferrer\">Varroawetter \/ Hinweise zur Varroa Behandlung<\/a><\/p>\n\n\n\n<p><a href=\"https:\/\/www.die-honigmacher.de\/\" target=\"_blank\" rel=\"noopener noreferrer\">Die Honigmacher, Fragen und Antworten rund um die Imkerei<\/a><\/p>\n\n\n\n<p><a href=\"https:\/\/www.llh.hessen.de\/bildung\/bieneninstitut-kirchhain\/\" target=\"_blank\" rel=\"noopener noreferrer\">Bieneninstitut Kirchhain<\/a><\/p>\n\n\n\n<p><a href=\"http:\/\/www.bienenzucht.de\/\" target=\"_blank\" rel=\"noopener noreferrer\">Infos Rund um die Zucht<\/a><\/p>\n","protected":false},"excerpt":{"rendered":"<p>Hier sind wichtige Dokumente Hier sind wichtige und interessante Links Bienen anmelden beim Veterin\u00e4ramt Bremen Landesverband der Imker Weser &#8211; Ems e.V. Deutscher Imkerbund Bieneninstitut Celle L\u00e4nderinstitut f\u00fcr Bienenkunde \/ Berlin Varroawetter \/ Hinweise zur Varroa Behandlung Die Honigmacher, Fragen und Antworten rund um die Imkerei Bieneninstitut Kirchhain Infos Rund um die Zucht<\/p>\n","protected":false},"author":2,"featured_media":0,"parent":0,"menu_order":0,"comment_status":"closed","ping_status":"closed","template":"","meta":{"_mc_calendar":[],"footnotes":""},"class_list":["post-92","page","type-page","status-publish","hentry"],"_links":{"self":[{"href":"https:\/\/www.bremer-imker.de\/bremer-imkerverein\/wp-json\/wp\/v2\/pages\/92","targetHints":{"allow":["GET"]}}],"collection":[{"href":"https:\/\/www.bremer-imker.de\/bremer-imkerverein\/wp-json\/wp\/v2\/pages"}],"about":[{"href":"https:\/\/www.bremer-imker.de\/bremer-imkerverein\/wp-json\/wp\/v2\/types\/page"}],"author":[{"embeddable":true,"href":"https:\/\/www.bremer-imker.de\/bremer-imkerverein\/wp-json\/wp\/v2\/users\/2"}],"replies":[{"embeddable":true,"href":"https:\/\/www.bremer-imker.de\/bremer-imkerverein\/wp-json\/wp\/v2\/comments?post=92"}],"version-history":[{"count":40,"href":"https:\/\/www.bremer-imker.de\/bremer-imkerverein\/wp-json\/wp\/v2\/pages\/92\/revisions"}],"predecessor-version":[{"id":5577,"href":"https:\/\/www.bremer-imker.de\/bremer-imkerverein\/wp-json\/wp\/v2\/pages\/92\/revisions\/5577"}],"wp:attachment":[{"href":"https:\/\/www.bremer-imker.de\/bremer-imkerverein\/wp-json\/wp\/v2\/media?parent=92"}],"curies":[{"name":"wp","href":"https:\/\/api.w.org\/{rel}","templated":true}]}}